{"id":860,"date":"2024-08-22T08:03:49","date_gmt":"2024-08-22T11:03:49","guid":{"rendered":"https:\/\/metasafety.com.br\/?page_id=860"},"modified":"2024-08-26T08:20:13","modified_gmt":"2024-08-26T11:20:13","slug":"treinamento-de-nr10","status":"publish","type":"page","link":"https:\/\/metasafety.com.br\/index.php\/treinamento-de-nr10\/","title":{"rendered":"Treinamento de NR10"},"content":{"rendered":"\t\t<div data-elementor-type=\"wp-page\" data-elementor-id=\"860\" class=\"elementor elementor-860\">\n\t\t\t\t\t\t<section class=\"elementor-section elementor-top-section elementor-element elementor-element-4faadcfd elementor-section-boxed elementor-section-height-default elementor-section-height-default\" data-id=\"4faadcfd\" data-element_type=\"section\" data-e-type=\"section\">\n\t\t\t\t\t\t<div class=\"elementor-container elementor-column-gap-default\">\n\t\t\t\t\t<div class=\"elementor-column elementor-col-100 elementor-top-column elementor-element elementor-element-171e169a\" data-id=\"171e169a\" data-element_type=\"column\" data-e-type=\"column\">\n\t\t\t<div class=\"elementor-widget-wrap elementor-element-populated\">\n\t\t\t\t\t\t<div class=\"elementor-element elementor-element-9c5564e elementor-widget elementor-widget-heading\" data-id=\"9c5564e\" data-element_type=\"widget\" data-e-type=\"widget\" data-widget_type=\"heading.default\">\n\t\t\t\t<div class=\"elementor-widget-container\">\n\t\t\t\t\t<h6 class=\"elementor-heading-title elementor-size-default\">Seguran\u00e7a em Instala\u00e7\u00f5es e Servi\u00e7os em Eletricidade<\/h6>\t\t\t\t<\/div>\n\t\t\t\t<\/div>\n\t\t\t\t<section class=\"elementor-section elementor-inner-section elementor-element elementor-element-6a264cd elementor-section-boxed elementor-section-height-default elementor-section-height-default\" data-id=\"6a264cd\" data-element_type=\"section\" data-e-type=\"section\">\n\t\t\t\t\t\t<div class=\"elementor-container elementor-column-gap-default\">\n\t\t\t\t\t<div class=\"elementor-column elementor-col-50 elementor-inner-column elementor-element elementor-element-b383531\" data-id=\"b383531\" data-element_type=\"column\" data-e-type=\"column\">\n\t\t\t<div class=\"elementor-widget-wrap elementor-element-populated\">\n\t\t\t\t\t\t<div class=\"elementor-element elementor-element-f426d92 elementor-widget__width-initial elementor-widget elementor-widget-text-editor\" data-id=\"f426d92\" data-element_type=\"widget\" data-e-type=\"widget\" data-widget_type=\"text-editor.default\">\n\t\t\t\t<div class=\"elementor-widget-container\">\n\t\t\t\t\t\t\t\t\t<p><em>100% EAD &#8211; videoaulas curtas &#8211; atividades interativas &#8211; 40 horas &#8211; instrutores especializados<\/em><\/p>\t\t\t\t\t\t\t\t<\/div>\n\t\t\t\t<\/div>\n\t\t\t\t\t<\/div>\n\t\t<\/div>\n\t\t\t\t<div class=\"elementor-column elementor-col-50 elementor-inner-column elementor-element elementor-element-37b05f8\" data-id=\"37b05f8\" data-element_type=\"column\" data-e-type=\"column\">\n\t\t\t<div class=\"elementor-widget-wrap elementor-element-populated\">\n\t\t\t\t\t\t<div class=\"elementor-element elementor-element-93e7451 elementor-align-center elementor-widget elementor-widget-button\" data-id=\"93e7451\" data-element_type=\"widget\" data-e-type=\"widget\" data-widget_type=\"button.default\">\n\t\t\t\t<div class=\"elementor-widget-container\">\n\t\t\t\t\t\t\t\t\t<div class=\"elementor-button-wrapper\">\n\t\t\t\t\t<a class=\"elementor-button elementor-button-link elementor-size-sm elementor-animation-pulse\" href=\"https:\/\/pay.kiwify.com.br\/8nVgnYS\">\n\t\t\t\t\t\t<span class=\"elementor-button-content-wrapper\">\n\t\t\t\t\t\t\t\t\t<span class=\"elementor-button-text\">Clique para adquirir<\/span>\n\t\t\t\t\t<\/span>\n\t\t\t\t\t<\/a>\n\t\t\t\t<\/div>\n\t\t\t\t\t\t\t\t<\/div>\n\t\t\t\t<\/div>\n\t\t\t\t\t<\/div>\n\t\t<\/div>\n\t\t\t\t\t<\/div>\n\t\t<\/section>\n\t\t\t\t\t<\/div>\n\t\t<\/div>\n\t\t\t\t\t<\/div>\n\t\t<\/section>\n\t\t\t\t<section class=\"elementor-section elementor-top-section elementor-element elementor-element-58c1938 elementor-section-boxed elementor-section-height-default elementor-section-height-default\" data-id=\"58c1938\" data-element_type=\"section\" data-e-type=\"section\">\n\t\t\t\t\t\t<div class=\"elementor-container elementor-column-gap-default\">\n\t\t\t\t\t<div class=\"elementor-column elementor-col-33 elementor-top-column elementor-element elementor-element-5d11860\" data-id=\"5d11860\" data-element_type=\"column\" data-e-type=\"column\">\n\t\t\t<div class=\"elementor-widget-wrap elementor-element-populated\">\n\t\t\t\t\t\t<div class=\"elementor-element elementor-element-acbaaf5 elementor-widget elementor-widget-image\" data-id=\"acbaaf5\" data-element_type=\"widget\" data-e-type=\"widget\" data-widget_type=\"image.default\">\n\t\t\t\t<div class=\"elementor-widget-container\">\n\t\t\t\t\t\t\t\t\t\t\t\t\t\t\t<img fetchpriority=\"high\" decoding=\"async\" width=\"1024\" height=\"1024\" src=\"https:\/\/metasafety.com.br\/wp-content\/uploads\/2024\/08\/Design-sem-nome-8-1024x1024.png\" class=\"attachment-large size-large wp-image-873\" alt=\"\" srcset=\"https:\/\/metasafety.com.br\/wp-content\/uploads\/2024\/08\/Design-sem-nome-8-1024x1024.png 1024w, https:\/\/metasafety.com.br\/wp-content\/uploads\/2024\/08\/Design-sem-nome-8-300x300.png 300w, https:\/\/metasafety.com.br\/wp-content\/uploads\/2024\/08\/Design-sem-nome-8-150x150.png 150w, https:\/\/metasafety.com.br\/wp-content\/uploads\/2024\/08\/Design-sem-nome-8-768x768.png 768w, https:\/\/metasafety.com.br\/wp-content\/uploads\/2024\/08\/Design-sem-nome-8.png 1080w\" sizes=\"(max-width: 1024px) 100vw, 1024px\" \/>\t\t\t\t\t\t\t\t\t\t\t\t\t\t\t<\/div>\n\t\t\t\t<\/div>\n\t\t\t\t\t<\/div>\n\t\t<\/div>\n\t\t\t\t<div class=\"elementor-column elementor-col-66 elementor-top-column elementor-element elementor-element-ad46929\" data-id=\"ad46929\" data-element_type=\"column\" data-e-type=\"column\">\n\t\t\t<div class=\"elementor-widget-wrap elementor-element-populated\">\n\t\t\t\t\t\t<div class=\"elementor-element elementor-element-b78a44a elementor-widget elementor-widget-text-editor\" data-id=\"b78a44a\" data-element_type=\"widget\" data-e-type=\"widget\" data-widget_type=\"text-editor.default\">\n\t\t\t\t<div class=\"elementor-widget-container\">\n\t\t\t\t\t\t\t\t\t<p>Riscos el\u00e9tricos podem trazer consequ\u00eancias graves aos trabalhadores quando n\u00e3o conhecidos ou controlados adequadamente e o treinamento de seguran\u00e7a em instala\u00e7\u00f5es e servi\u00e7os em eletricidade \u00e9 essencial para proteger vidas. O Treinamento da NR10 n\u00e3o \u00e9 apenas uma exig\u00eancia legal, mas uma ferramenta necess\u00e1ria para capacitar profissionais a identificar e mitigar os riscos el\u00e9tricos. Com nosso curso, voc\u00ea aprender\u00e1 a aplicar as melhores pr\u00e1ticas de seguran\u00e7a, garantindo que voc\u00ea e sua equipe estejam preparados para lidar com qualquer situa\u00e7\u00e3o, reduzindo acidentes e aumentando a efici\u00eancia operacional.<\/p>\t\t\t\t\t\t\t\t<\/div>\n\t\t\t\t<\/div>\n\t\t\t\t<div class=\"elementor-element elementor-element-96f9d64 elementor-widget elementor-widget-heading\" data-id=\"96f9d64\" data-element_type=\"widget\" data-e-type=\"widget\" data-widget_type=\"heading.default\">\n\t\t\t\t<div class=\"elementor-widget-container\">\n\t\t\t\t\t<h6 class=\"elementor-heading-title elementor-size-default\">Objetivo<\/h6>\t\t\t\t<\/div>\n\t\t\t\t<\/div>\n\t\t\t\t<div class=\"elementor-element elementor-element-5edd63a elementor-widget elementor-widget-text-editor\" data-id=\"5edd63a\" data-element_type=\"widget\" data-e-type=\"widget\" data-widget_type=\"text-editor.default\">\n\t\t\t\t<div class=\"elementor-widget-container\">\n\t\t\t\t\t\t\t\t\t<p>O objetivo do Treinamento da NR10 \u00e9 capacitar profissionais para que possam atuar de forma segura em atividades que envolvam eletricidade, prevenindo acidentes e garantindo sua integridade f\u00edsica. O curso \u00e9 voltado para a identifica\u00e7\u00e3o, avalia\u00e7\u00e3o e controle dos riscos el\u00e9tricos, al\u00e9m de ensinar as medidas preventivas e os procedimentos corretos em situa\u00e7\u00f5es de emerg\u00eancia.<\/p>\t\t\t\t\t\t\t\t<\/div>\n\t\t\t\t<\/div>\n\t\t\t\t\t<\/div>\n\t\t<\/div>\n\t\t\t\t\t<\/div>\n\t\t<\/section>\n\t\t\t\t<section class=\"elementor-section elementor-top-section elementor-element elementor-element-90dc8f0 elementor-section-boxed elementor-section-height-default elementor-section-height-default\" data-id=\"90dc8f0\" data-element_type=\"section\" data-e-type=\"section\">\n\t\t\t\t\t\t<div class=\"elementor-container elementor-column-gap-default\">\n\t\t\t\t\t<div class=\"elementor-column elementor-col-100 elementor-top-column elementor-element elementor-element-6e0f24c\" data-id=\"6e0f24c\" data-element_type=\"column\" data-e-type=\"column\">\n\t\t\t<div class=\"elementor-widget-wrap elementor-element-populated\">\n\t\t\t\t\t\t<div class=\"elementor-element elementor-element-ce5c5e5 elementor-widget elementor-widget-heading\" data-id=\"ce5c5e5\" data-element_type=\"widget\" data-e-type=\"widget\" data-widget_type=\"heading.default\">\n\t\t\t\t<div class=\"elementor-widget-container\">\n\t\t\t\t\t<h6 class=\"elementor-heading-title elementor-size-default\">Conte\u00fado program\u00e1tico<\/h6>\t\t\t\t<\/div>\n\t\t\t\t<\/div>\n\t\t\t\t<div class=\"elementor-element elementor-element-faa8e33 elementor-widget elementor-widget-text-editor\" data-id=\"faa8e33\" data-element_type=\"widget\" data-e-type=\"widget\" data-widget_type=\"text-editor.default\">\n\t\t\t\t<div class=\"elementor-widget-container\">\n\t\t\t\t\t\t\t\t\t<ol>\n<li>Introdu\u00e7\u00e3o \u00e0 seguran\u00e7a com eletricidade.\u00a0<\/li>\n<li>Riscos em instala\u00e7\u00f5es e servi\u00e7os com eletricidade<\/li>\n<li>T\u00e9cnicas de An\u00e1lise de Risco.\u00a0<\/li>\n<li>Medidas de Controle do Risco El\u00e9trico:\u00a0<\/li>\n<li>Normas T\u00e9cnicas Brasileiras &#8211; NBR da ABNT: NBR-5410, NBR 14039 e outras;\u00a0<\/li>\n<li>Regulamenta\u00e7\u00f5es do MTE<\/li>\n<li>Equipamentos de prote\u00e7\u00e3o coletiva.\u00a0<\/li>\n<li>Equipamentos de prote\u00e7\u00e3o individual.\u00a0<\/li>\n<li>Rotinas de trabalho &#8211; Procedimentos.<\/li>\n<li>Documenta\u00e7\u00e3o de instala\u00e7\u00f5es el\u00e9tricas.\u00a0\u00a0<\/li>\n<li>Riscos adicionais\u00a0<\/li>\n<li>Prote\u00e7\u00e3o e combate a inc\u00eandios;\u00a0<\/li>\n<li>Acidentes de origem el\u00e9trica<\/li>\n<li>Primeiros socorros<\/li>\n<li>Responsabilidades.<\/li>\n<\/ol>\t\t\t\t\t\t\t\t<\/div>\n\t\t\t\t<\/div>\n\t\t\t\t<div class=\"elementor-element elementor-element-3b87e7c elementor-widget elementor-widget-heading\" data-id=\"3b87e7c\" data-element_type=\"widget\" data-e-type=\"widget\" data-widget_type=\"heading.default\">\n\t\t\t\t<div class=\"elementor-widget-container\">\n\t\t\t\t\t<h6 class=\"elementor-heading-title elementor-size-default\">P\u00fablico Alvo<\/h6>\t\t\t\t<\/div>\n\t\t\t\t<\/div>\n\t\t\t\t<div class=\"elementor-element elementor-element-490f15b elementor-widget elementor-widget-text-editor\" data-id=\"490f15b\" data-element_type=\"widget\" data-e-type=\"widget\" data-widget_type=\"text-editor.default\">\n\t\t\t\t<div class=\"elementor-widget-container\">\n\t\t\t\t\t\t\t\t\t<p>Profissionais que executem intera\u00e7\u00f5es ou interven\u00e7\u00f5es em instala\u00e7\u00f5es el\u00e9tricas, profissionais de SESMT e demais interessados.<\/p>\t\t\t\t\t\t\t\t<\/div>\n\t\t\t\t<\/div>\n\t\t\t\t<div class=\"elementor-element elementor-element-5d73532 elementor-widget elementor-widget-heading\" data-id=\"5d73532\" data-element_type=\"widget\" data-e-type=\"widget\" data-widget_type=\"heading.default\">\n\t\t\t\t<div class=\"elementor-widget-container\">\n\t\t\t\t\t<h6 class=\"elementor-heading-title elementor-size-default\">carga hor\u00e1ria<\/h6>\t\t\t\t<\/div>\n\t\t\t\t<\/div>\n\t\t\t\t<div class=\"elementor-element elementor-element-488a156 elementor-widget elementor-widget-text-editor\" data-id=\"488a156\" data-element_type=\"widget\" data-e-type=\"widget\" data-widget_type=\"text-editor.default\">\n\t\t\t\t<div class=\"elementor-widget-container\">\n\t\t\t\t\t\t\t\t\t<p>40 horas<\/p>\t\t\t\t\t\t\t\t<\/div>\n\t\t\t\t<\/div>\n\t\t\t\t<div class=\"elementor-element elementor-element-5381ed8 elementor-widget elementor-widget-heading\" data-id=\"5381ed8\" data-element_type=\"widget\" data-e-type=\"widget\" data-widget_type=\"heading.default\">\n\t\t\t\t<div class=\"elementor-widget-container\">\n\t\t\t\t\t<h6 class=\"elementor-heading-title elementor-size-default\">Modalidade<\/h6>\t\t\t\t<\/div>\n\t\t\t\t<\/div>\n\t\t\t\t<div class=\"elementor-element elementor-element-c176400 elementor-widget elementor-widget-text-editor\" data-id=\"c176400\" data-element_type=\"widget\" data-e-type=\"widget\" data-widget_type=\"text-editor.default\">\n\t\t\t\t<div class=\"elementor-widget-container\">\n\t\t\t\t\t\t\t\t\t<p>100% EAD &#8211; videoaulas curtas e atividades interativas<\/p>\t\t\t\t\t\t\t\t<\/div>\n\t\t\t\t<\/div>\n\t\t\t\t<div class=\"elementor-element elementor-element-f17edb6 elementor-widget elementor-widget-heading\" data-id=\"f17edb6\" data-element_type=\"widget\" data-e-type=\"widget\" data-widget_type=\"heading.default\">\n\t\t\t\t<div class=\"elementor-widget-container\">\n\t\t\t\t\t<h6 class=\"elementor-heading-title elementor-size-default\">Instrutores<\/h6>\t\t\t\t<\/div>\n\t\t\t\t<\/div>\n\t\t\t\t<section class=\"elementor-section elementor-inner-section elementor-element elementor-element-878372b elementor-section-boxed elementor-section-height-default elementor-section-height-default\" data-id=\"878372b\" data-element_type=\"section\" data-e-type=\"section\">\n\t\t\t\t\t\t<div class=\"elementor-container elementor-column-gap-default\">\n\t\t\t\t\t<div class=\"elementor-column elementor-col-50 elementor-inner-column elementor-element elementor-element-e5f36b3\" data-id=\"e5f36b3\" data-element_type=\"column\" data-e-type=\"column\">\n\t\t\t<div class=\"elementor-widget-wrap elementor-element-populated\">\n\t\t\t\t\t\t<div class=\"elementor-element elementor-element-74f6fe7 elementor-widget elementor-widget-image\" data-id=\"74f6fe7\" data-element_type=\"widget\" data-e-type=\"widget\" data-widget_type=\"image.default\">\n\t\t\t\t<div class=\"elementor-widget-container\">\n\t\t\t\t\t\t\t\t\t\t\t\t\t\t\t<img decoding=\"async\" width=\"1024\" height=\"821\" src=\"https:\/\/metasafety.com.br\/wp-content\/uploads\/2024\/08\/2Q3A0773-copy-1024x821.jpg\" class=\"attachment-large size-large wp-image-867\" alt=\"Deise Sprenger\" srcset=\"https:\/\/metasafety.com.br\/wp-content\/uploads\/2024\/08\/2Q3A0773-copy-1024x821.jpg 1024w, https:\/\/metasafety.com.br\/wp-content\/uploads\/2024\/08\/2Q3A0773-copy-300x240.jpg 300w, https:\/\/metasafety.com.br\/wp-content\/uploads\/2024\/08\/2Q3A0773-copy-768x615.jpg 768w, https:\/\/metasafety.com.br\/wp-content\/uploads\/2024\/08\/2Q3A0773-copy-1536x1231.jpg 1536w, https:\/\/metasafety.com.br\/wp-content\/uploads\/2024\/08\/2Q3A0773-copy-2048x1641.jpg 2048w\" sizes=\"(max-width: 1024px) 100vw, 1024px\" \/>\t\t\t\t\t\t\t\t\t\t\t\t\t\t\t<\/div>\n\t\t\t\t<\/div>\n\t\t\t\t<div class=\"elementor-element elementor-element-227bdba elementor-widget elementor-widget-image\" data-id=\"227bdba\" data-element_type=\"widget\" data-e-type=\"widget\" data-widget_type=\"image.default\">\n\t\t\t\t<div class=\"elementor-widget-container\">\n\t\t\t\t\t\t\t\t\t\t\t\t\t\t\t<img decoding=\"async\" width=\"300\" height=\"245\" src=\"https:\/\/metasafety.com.br\/wp-content\/uploads\/2024\/08\/c5377eaa-148e-4284-bb05-513f67325c48-300x245.jpg\" class=\"attachment-medium size-medium wp-image-868\" alt=\"Michellen Augusto\" srcset=\"https:\/\/metasafety.com.br\/wp-content\/uploads\/2024\/08\/c5377eaa-148e-4284-bb05-513f67325c48-300x245.jpg 300w, https:\/\/metasafety.com.br\/wp-content\/uploads\/2024\/08\/c5377eaa-148e-4284-bb05-513f67325c48.jpg 433w\" sizes=\"(max-width: 300px) 100vw, 300px\" \/>\t\t\t\t\t\t\t\t\t\t\t\t\t\t\t<\/div>\n\t\t\t\t<\/div>\n\t\t\t\t<div class=\"elementor-element elementor-element-582fb08 elementor-widget elementor-widget-image\" data-id=\"582fb08\" data-element_type=\"widget\" data-e-type=\"widget\" data-widget_type=\"image.default\">\n\t\t\t\t<div class=\"elementor-widget-container\">\n\t\t\t\t\t\t\t\t\t\t\t\t\t\t\t<img loading=\"lazy\" decoding=\"async\" width=\"300\" height=\"251\" src=\"https:\/\/metasafety.com.br\/wp-content\/uploads\/2024\/08\/A6D760F9-A179-422A-96FA-48997AFDF87E_L0_001-14_08_2024-18_27_49-300x251.jpg\" class=\"attachment-medium size-medium wp-image-869\" alt=\"\" srcset=\"https:\/\/metasafety.com.br\/wp-content\/uploads\/2024\/08\/A6D760F9-A179-422A-96FA-48997AFDF87E_L0_001-14_08_2024-18_27_49-300x251.jpg 300w, https:\/\/metasafety.com.br\/wp-content\/uploads\/2024\/08\/A6D760F9-A179-422A-96FA-48997AFDF87E_L0_001-14_08_2024-18_27_49-1024x856.jpg 1024w, https:\/\/metasafety.com.br\/wp-content\/uploads\/2024\/08\/A6D760F9-A179-422A-96FA-48997AFDF87E_L0_001-14_08_2024-18_27_49-768x642.jpg 768w, https:\/\/metasafety.com.br\/wp-content\/uploads\/2024\/08\/A6D760F9-A179-422A-96FA-48997AFDF87E_L0_001-14_08_2024-18_27_49.jpg 1201w\" sizes=\"(max-width: 300px) 100vw, 300px\" \/>\t\t\t\t\t\t\t\t\t\t\t\t\t\t\t<\/div>\n\t\t\t\t<\/div>\n\t\t\t\t\t<\/div>\n\t\t<\/div>\n\t\t\t\t<div class=\"elementor-column elementor-col-50 elementor-inner-column elementor-element elementor-element-76b3591\" data-id=\"76b3591\" data-element_type=\"column\" data-e-type=\"column\">\n\t\t\t<div class=\"elementor-widget-wrap elementor-element-populated\">\n\t\t\t\t\t\t<div class=\"elementor-element elementor-element-f83c3bc elementor-widget elementor-widget-text-editor\" data-id=\"f83c3bc\" data-element_type=\"widget\" data-e-type=\"widget\" data-widget_type=\"text-editor.default\">\n\t\t\t\t<div class=\"elementor-widget-container\">\n\t\t\t\t\t\t\t\t\t<p>Deise Sprenger<\/p>\n<p><span style=\"color: #999999;\"><em>T\u00e9cnica de Seguran\u00e7a do Trabalho, Engenheira de Produ\u00e7\u00e3o, Engenheira de Seguran\u00e7a do Trabalho<\/em><\/span><\/p>\t\t\t\t\t\t\t\t<\/div>\n\t\t\t\t<\/div>\n\t\t\t\t<div class=\"elementor-element elementor-element-eb297b8 elementor-widget elementor-widget-text-editor\" data-id=\"eb297b8\" data-element_type=\"widget\" data-e-type=\"widget\" data-widget_type=\"text-editor.default\">\n\t\t\t\t<div class=\"elementor-widget-container\">\n\t\t\t\t\t\t\t\t\t<p>Michellen Augusto de Oliveira Souza<\/p>\n<p><span style=\"color: #999999;\"><em>Engenheira Eletricista e Engenheira de Seguran\u00e7a do Trabalho<\/em><\/span><\/p>\t\t\t\t\t\t\t\t<\/div>\n\t\t\t\t<\/div>\n\t\t\t\t<div class=\"elementor-element elementor-element-8dae985 elementor-widget elementor-widget-text-editor\" data-id=\"8dae985\" data-element_type=\"widget\" data-e-type=\"widget\" data-widget_type=\"text-editor.default\">\n\t\t\t\t<div class=\"elementor-widget-container\">\n\t\t\t\t\t\t\t\t\t<p>Yuri Machado<\/p>\n<p><em style=\"color: #999999;\">T\u00e9cnico de Seguran\u00e7a do Trabalho, Engenheiro de Produ\u00e7\u00e3o,\u00a0<\/em><span style=\"color: #999999;\"><em>Engenheiro de Seguran\u00e7a do Trabalho<\/em><\/span><\/p>\t\t\t\t\t\t\t\t<\/div>\n\t\t\t\t<\/div>\n\t\t\t\t\t<\/div>\n\t\t<\/div>\n\t\t\t\t\t<\/div>\n\t\t<\/section>\n\t\t\t\t\t<\/div>\n\t\t<\/div>\n\t\t\t\t\t<\/div>\n\t\t<\/section>\n\t\t\t\t<section class=\"elementor-section elementor-top-section elementor-element elementor-element-e633a9c elementor-section-boxed elementor-section-height-default elementor-section-height-default\" data-id=\"e633a9c\" data-element_type=\"section\" data-e-type=\"section\">\n\t\t\t\t\t\t<div class=\"elementor-container elementor-column-gap-default\">\n\t\t\t\t\t<div class=\"elementor-column elementor-col-100 elementor-top-column elementor-element elementor-element-cba9ad4\" data-id=\"cba9ad4\" data-element_type=\"column\" data-e-type=\"column\">\n\t\t\t<div class=\"elementor-widget-wrap elementor-element-populated\">\n\t\t\t\t\t\t<div class=\"elementor-element elementor-element-22113ed elementor-widget elementor-widget-heading\" data-id=\"22113ed\" data-element_type=\"widget\" data-e-type=\"widget\" data-widget_type=\"heading.default\">\n\t\t\t\t<div class=\"elementor-widget-container\">\n\t\t\t\t\t<h6 class=\"elementor-heading-title elementor-size-default\">investimento<\/h6>\t\t\t\t<\/div>\n\t\t\t\t<\/div>\n\t\t\t\t<div class=\"elementor-element elementor-element-d87c7d7 elementor-widget elementor-widget-text-editor\" data-id=\"d87c7d7\" data-element_type=\"widget\" data-e-type=\"widget\" data-widget_type=\"text-editor.default\">\n\t\t\t\t<div class=\"elementor-widget-container\">\n\t\t\t\t\t\t\t\t\t<p>R$ 197,00 em at\u00e9 3x sem juros (cart\u00e3o de cr\u00e9dito, pix ou boleto)<\/p>\t\t\t\t\t\t\t\t<\/div>\n\t\t\t\t<\/div>\n\t\t\t\t\t<\/div>\n\t\t<\/div>\n\t\t\t\t\t<\/div>\n\t\t<\/section>\n\t\t\t\t<section class=\"elementor-section elementor-top-section elementor-element elementor-element-27f34b4 elementor-section-boxed elementor-section-height-default elementor-section-height-default\" data-id=\"27f34b4\" data-element_type=\"section\" data-e-type=\"section\">\n\t\t\t\t\t\t<div class=\"elementor-container elementor-column-gap-default\">\n\t\t\t\t\t<div class=\"elementor-column elementor-col-100 elementor-top-column elementor-element elementor-element-1297ae6\" data-id=\"1297ae6\" data-element_type=\"column\" data-e-type=\"column\">\n\t\t\t<div class=\"elementor-widget-wrap elementor-element-populated\">\n\t\t\t\t\t\t<div class=\"elementor-element elementor-element-8ec7079 elementor-align-center elementor-widget elementor-widget-button\" data-id=\"8ec7079\" data-element_type=\"widget\" data-e-type=\"widget\" data-widget_type=\"button.default\">\n\t\t\t\t<div class=\"elementor-widget-container\">\n\t\t\t\t\t\t\t\t\t<div class=\"elementor-button-wrapper\">\n\t\t\t\t\t<a class=\"elementor-button elementor-button-link elementor-size-sm elementor-animation-pulse\" href=\"https:\/\/pay.kiwify.com.br\/8nVgnYS\">\n\t\t\t\t\t\t<span class=\"elementor-button-content-wrapper\">\n\t\t\t\t\t\t\t\t\t<span class=\"elementor-button-text\">CLIQUE PARA ADQUIRIR SEU TREINAMENTO DE NR10<\/span>\n\t\t\t\t\t<\/span>\n\t\t\t\t\t<\/a>\n\t\t\t\t<\/div>\n\t\t\t\t\t\t\t\t<\/div>\n\t\t\t\t<\/div>\n\t\t\t\t<div class=\"elementor-element elementor-element-83e027a elementor-widget elementor-widget-text-editor\" data-id=\"83e027a\" data-element_type=\"widget\" data-e-type=\"widget\" data-widget_type=\"text-editor.default\">\n\t\t\t\t<div class=\"elementor-widget-container\">\n\t\t\t\t\t\t\t\t\t<p><em>In\u00edcio imediato &#8211;\u00a0<\/em><em>Emiss\u00e3o do certificado ap\u00f3s finaliza\u00e7\u00e3o do treinamento.<\/em><\/p>\t\t\t\t\t\t\t\t<\/div>\n\t\t\t\t<\/div>\n\t\t\t\t\t<\/div>\n\t\t<\/div>\n\t\t\t\t\t<\/div>\n\t\t<\/section>\n\t\t\t\t<\/div>\n\t\t","protected":false},"excerpt":{"rendered":"<p>Seguran\u00e7a em Instala\u00e7\u00f5es e Servi\u00e7os em Eletricidade 100% EAD &#8211; videoaulas curtas &#8211; atividades interativas &#8211; 40 horas &#8211; instrutores especializados Clique para adquirir Riscos el\u00e9tricos podem trazer consequ\u00eancias graves aos trabalhadores quando n\u00e3o conhecidos ou controlados adequadamente e o treinamento de seguran\u00e7a em instala\u00e7\u00f5es e servi\u00e7os em eletricidade \u00e9 essencial para proteger vidas. O [&hellip;]<\/p>\n","protected":false},"author":1,"featured_media":0,"parent":0,"menu_order":0,"comment_status":"closed","ping_status":"closed","template":"","meta":{"om_disable_all_campaigns":false,"_monsterinsights_skip_tracking":false,"_monsterinsights_sitenote_active":false,"_monsterinsights_sitenote_note":"","_monsterinsights_sitenote_category":0,"_uf_show_specific_survey":0,"_uf_disable_surveys":false,"footnotes":""},"class_list":["post-860","page","type-page","status-publish","hentry"],"aioseo_notices":[],"post_mailing_queue_ids":[],"_links":{"self":[{"href":"https:\/\/metasafety.com.br\/index.php\/wp-json\/wp\/v2\/pages\/860","targetHints":{"allow":["GET"]}}],"collection":[{"href":"https:\/\/metasafety.com.br\/index.php\/wp-json\/wp\/v2\/pages"}],"about":[{"href":"https:\/\/metasafety.com.br\/index.php\/wp-json\/wp\/v2\/types\/page"}],"author":[{"embeddable":true,"href":"https:\/\/metasafety.com.br\/index.php\/wp-json\/wp\/v2\/users\/1"}],"replies":[{"embeddable":true,"href":"https:\/\/metasafety.com.br\/index.php\/wp-json\/wp\/v2\/comments?post=860"}],"version-history":[{"count":16,"href":"https:\/\/metasafety.com.br\/index.php\/wp-json\/wp\/v2\/pages\/860\/revisions"}],"predecessor-version":[{"id":882,"href":"https:\/\/metasafety.com.br\/index.php\/wp-json\/wp\/v2\/pages\/860\/revisions\/882"}],"wp:attachment":[{"href":"https:\/\/metasafety.com.br\/index.php\/wp-json\/wp\/v2\/media?parent=860"}],"curies":[{"name":"wp","href":"https:\/\/api.w.org\/{rel}","templated":true}]}}