{"id":925,"date":"2024-11-20T18:09:56","date_gmt":"2024-11-20T21:09:56","guid":{"rendered":"https:\/\/metasafety.com.br\/?page_id=925"},"modified":"2024-11-20T20:56:29","modified_gmt":"2024-11-20T23:56:29","slug":"treinamento-de-nr10-2","status":"publish","type":"page","link":"https:\/\/metasafety.com.br\/index.php\/treinamento-de-nr10-2\/","title":{"rendered":"Treinamento de NR18"},"content":{"rendered":"\t\t<div data-elementor-type=\"wp-page\" data-elementor-id=\"925\" class=\"elementor elementor-925\">\n\t\t\t\t\t\t<section class=\"elementor-section elementor-top-section elementor-element elementor-element-4faadcfd elementor-section-boxed elementor-section-height-default elementor-section-height-default\" data-id=\"4faadcfd\" data-element_type=\"section\" data-e-type=\"section\">\n\t\t\t\t\t\t<div class=\"elementor-container elementor-column-gap-default\">\n\t\t\t\t\t<div class=\"elementor-column elementor-col-100 elementor-top-column elementor-element elementor-element-171e169a\" data-id=\"171e169a\" data-element_type=\"column\" data-e-type=\"column\">\n\t\t\t<div class=\"elementor-widget-wrap elementor-element-populated\">\n\t\t\t\t\t\t<div class=\"elementor-element elementor-element-9c5564e elementor-widget elementor-widget-heading\" data-id=\"9c5564e\" data-element_type=\"widget\" data-e-type=\"widget\" data-widget_type=\"heading.default\">\n\t\t\t\t<div class=\"elementor-widget-container\">\n\t\t\t\t\t<h6 class=\"elementor-heading-title elementor-size-default\">b\u00e1sico Seguran\u00e7a e sa\u00fade no trabalho na ind\u00fastria da constru\u00e7\u00e3o<\/h6>\t\t\t\t<\/div>\n\t\t\t\t<\/div>\n\t\t\t\t<section class=\"elementor-section elementor-inner-section elementor-element elementor-element-6a264cd elementor-section-boxed elementor-section-height-default elementor-section-height-default\" data-id=\"6a264cd\" data-element_type=\"section\" data-e-type=\"section\">\n\t\t\t\t\t\t<div class=\"elementor-container elementor-column-gap-default\">\n\t\t\t\t\t<div class=\"elementor-column elementor-col-50 elementor-inner-column elementor-element elementor-element-b383531\" data-id=\"b383531\" data-element_type=\"column\" data-e-type=\"column\">\n\t\t\t<div class=\"elementor-widget-wrap elementor-element-populated\">\n\t\t\t\t\t\t<div class=\"elementor-element elementor-element-f426d92 elementor-widget__width-initial elementor-widget elementor-widget-text-editor\" data-id=\"f426d92\" data-element_type=\"widget\" data-e-type=\"widget\" data-widget_type=\"text-editor.default\">\n\t\t\t\t<div class=\"elementor-widget-container\">\n\t\t\t\t\t\t\t\t\t<p><em>100% EAD &#8211; videoaulas curtas &#8211; 4 horas &#8211; instrutores especializados<\/em><\/p>\t\t\t\t\t\t\t\t<\/div>\n\t\t\t\t<\/div>\n\t\t\t\t\t<\/div>\n\t\t<\/div>\n\t\t\t\t<div class=\"elementor-column elementor-col-50 elementor-inner-column elementor-element elementor-element-37b05f8\" data-id=\"37b05f8\" data-element_type=\"column\" data-e-type=\"column\">\n\t\t\t<div class=\"elementor-widget-wrap elementor-element-populated\">\n\t\t\t\t\t\t<div class=\"elementor-element elementor-element-93e7451 elementor-align-center elementor-widget elementor-widget-button\" data-id=\"93e7451\" data-element_type=\"widget\" data-e-type=\"widget\" data-widget_type=\"button.default\">\n\t\t\t\t<div class=\"elementor-widget-container\">\n\t\t\t\t\t\t\t\t\t<div class=\"elementor-button-wrapper\">\n\t\t\t\t\t<a class=\"elementor-button elementor-button-link elementor-size-sm elementor-animation-pulse\" href=\"https:\/\/pay.kiwify.com.br\/hZBG5My\">\n\t\t\t\t\t\t<span class=\"elementor-button-content-wrapper\">\n\t\t\t\t\t\t\t\t\t<span class=\"elementor-button-text\">Clique para adquirir<\/span>\n\t\t\t\t\t<\/span>\n\t\t\t\t\t<\/a>\n\t\t\t\t<\/div>\n\t\t\t\t\t\t\t\t<\/div>\n\t\t\t\t<\/div>\n\t\t\t\t\t<\/div>\n\t\t<\/div>\n\t\t\t\t\t<\/div>\n\t\t<\/section>\n\t\t\t\t\t<\/div>\n\t\t<\/div>\n\t\t\t\t\t<\/div>\n\t\t<\/section>\n\t\t\t\t<section class=\"elementor-section elementor-top-section elementor-element elementor-element-58c1938 elementor-section-boxed elementor-section-height-default elementor-section-height-default\" data-id=\"58c1938\" data-element_type=\"section\" data-e-type=\"section\">\n\t\t\t\t\t\t<div class=\"elementor-container elementor-column-gap-default\">\n\t\t\t\t\t<div class=\"elementor-column elementor-col-33 elementor-top-column elementor-element elementor-element-5d11860\" data-id=\"5d11860\" data-element_type=\"column\" data-e-type=\"column\">\n\t\t\t<div class=\"elementor-widget-wrap elementor-element-populated\">\n\t\t\t\t\t\t<div class=\"elementor-element elementor-element-acbaaf5 elementor-widget elementor-widget-image\" data-id=\"acbaaf5\" data-element_type=\"widget\" data-e-type=\"widget\" data-widget_type=\"image.default\">\n\t\t\t\t<div class=\"elementor-widget-container\">\n\t\t\t\t\t\t\t\t\t\t\t\t\t\t\t<img fetchpriority=\"high\" decoding=\"async\" width=\"1024\" height=\"1024\" src=\"https:\/\/metasafety.com.br\/wp-content\/uploads\/2024\/11\/ede5e715-8d69-490f-89f7-4b3b32af317b.jpg\" class=\"attachment-large size-large wp-image-926\" alt=\"\" srcset=\"https:\/\/metasafety.com.br\/wp-content\/uploads\/2024\/11\/ede5e715-8d69-490f-89f7-4b3b32af317b.jpg 1024w, https:\/\/metasafety.com.br\/wp-content\/uploads\/2024\/11\/ede5e715-8d69-490f-89f7-4b3b32af317b-300x300.jpg 300w, https:\/\/metasafety.com.br\/wp-content\/uploads\/2024\/11\/ede5e715-8d69-490f-89f7-4b3b32af317b-150x150.jpg 150w, https:\/\/metasafety.com.br\/wp-content\/uploads\/2024\/11\/ede5e715-8d69-490f-89f7-4b3b32af317b-768x768.jpg 768w\" sizes=\"(max-width: 1024px) 100vw, 1024px\" \/>\t\t\t\t\t\t\t\t\t\t\t\t\t\t\t<\/div>\n\t\t\t\t<\/div>\n\t\t\t\t\t<\/div>\n\t\t<\/div>\n\t\t\t\t<div class=\"elementor-column elementor-col-66 elementor-top-column elementor-element elementor-element-ad46929\" data-id=\"ad46929\" data-element_type=\"column\" data-e-type=\"column\">\n\t\t\t<div class=\"elementor-widget-wrap elementor-element-populated\">\n\t\t\t\t\t\t<div class=\"elementor-element elementor-element-b78a44a elementor-widget elementor-widget-text-editor\" data-id=\"b78a44a\" data-element_type=\"widget\" data-e-type=\"widget\" data-widget_type=\"text-editor.default\">\n\t\t\t\t<div class=\"elementor-widget-container\">\n\t\t\t\t\t\t\t\t\t<p>O setor da constru\u00e7\u00e3o civil \u00e9 um dos que apresenta maior n\u00famero de riscos ocupacionais, e a NR18 \u00e9 uma norma que estabelece diretrizes de seguran\u00e7a espec\u00edficas para essa \u00e1rea. O Treinamento da NR18 \u00e9 essencial para capacitar os trabalhadores a identificar, prevenir e mitigar riscos em atividades como montagem de andaimes, trabalho em altura, uso de ferramentas e movimenta\u00e7\u00e3o de materiais. Al\u00e9m de ser um requisito legal, o curso promove a cultura de seguran\u00e7a , proporcionando redu\u00e7\u00e3o dos acidentes e garantindo a prote\u00e7\u00e3o de todos os envolvidos.<\/p>\t\t\t\t\t\t\t\t<\/div>\n\t\t\t\t<\/div>\n\t\t\t\t<div class=\"elementor-element elementor-element-96f9d64 elementor-widget elementor-widget-heading\" data-id=\"96f9d64\" data-element_type=\"widget\" data-e-type=\"widget\" data-widget_type=\"heading.default\">\n\t\t\t\t<div class=\"elementor-widget-container\">\n\t\t\t\t\t<h6 class=\"elementor-heading-title elementor-size-default\">Objetivo<\/h6>\t\t\t\t<\/div>\n\t\t\t\t<\/div>\n\t\t\t\t<div class=\"elementor-element elementor-element-5edd63a elementor-widget elementor-widget-text-editor\" data-id=\"5edd63a\" data-element_type=\"widget\" data-e-type=\"widget\" data-widget_type=\"text-editor.default\">\n\t\t\t\t<div class=\"elementor-widget-container\">\n\t\t\t\t\t\t\t\t\t<p>O objetivo do Treinamento da NR18\u00a0\u00e9 capacitar trabalhadores e profissionais da constru\u00e7\u00e3o civil para atuar de forma segura em suas atividades, seguindo as diretrizes da Norma Regulamentadora 18. O treinamento visa prevenir acidentes e doen\u00e7as ocupacionais ao orientar sobre pr\u00e1ticas seguras no uso de equipamentos, ferramentas e m\u00e1quinas, al\u00e9m de abordar a organiza\u00e7\u00e3o do canteiro de obras, trabalho em altura, andaimes e outros procedimentos. Al\u00e9m disso, o curso promove a conscientiza\u00e7\u00e3o sobre os riscos presentes nesse ambiente e ensina as medidas de controle e preven\u00e7\u00e3o, garantindo a integridade f\u00edsica dos trabalhadores e o cumprimento das normas de seguran\u00e7a.<\/p>\t\t\t\t\t\t\t\t<\/div>\n\t\t\t\t<\/div>\n\t\t\t\t\t<\/div>\n\t\t<\/div>\n\t\t\t\t\t<\/div>\n\t\t<\/section>\n\t\t\t\t<section class=\"elementor-section elementor-top-section elementor-element elementor-element-90dc8f0 elementor-section-boxed elementor-section-height-default elementor-section-height-default\" data-id=\"90dc8f0\" data-element_type=\"section\" data-e-type=\"section\">\n\t\t\t\t\t\t<div class=\"elementor-container elementor-column-gap-default\">\n\t\t\t\t\t<div class=\"elementor-column elementor-col-100 elementor-top-column elementor-element elementor-element-6e0f24c\" data-id=\"6e0f24c\" data-element_type=\"column\" data-e-type=\"column\">\n\t\t\t<div class=\"elementor-widget-wrap elementor-element-populated\">\n\t\t\t\t\t\t<div class=\"elementor-element elementor-element-ce5c5e5 elementor-widget elementor-widget-heading\" data-id=\"ce5c5e5\" data-element_type=\"widget\" data-e-type=\"widget\" data-widget_type=\"heading.default\">\n\t\t\t\t<div class=\"elementor-widget-container\">\n\t\t\t\t\t<h6 class=\"elementor-heading-title elementor-size-default\">Conte\u00fado program\u00e1tico<\/h6>\t\t\t\t<\/div>\n\t\t\t\t<\/div>\n\t\t\t\t<div class=\"elementor-element elementor-element-faa8e33 elementor-widget elementor-widget-text-editor\" data-id=\"faa8e33\" data-element_type=\"widget\" data-e-type=\"widget\" data-widget_type=\"text-editor.default\">\n\t\t\t\t<div class=\"elementor-widget-container\">\n\t\t\t\t\t\t\t\t\t<ol><li>as condi\u00e7\u00f5es e meio ambiente de trabalho;\u00a0<\/li><li>os riscos inerentes \u00e0s atividades desenvolvidas;\u00a0<\/li><li>os equipamentos e prote\u00e7\u00e3o coletiva existentes no canteiro de obras;\u00a0<\/li><li>o uso adequado dos equipamentos de prote\u00e7\u00e3o individual;\u00a0<\/li><li>o PGR do canteiro de obras.<\/li><\/ol>\t\t\t\t\t\t\t\t<\/div>\n\t\t\t\t<\/div>\n\t\t\t\t<div class=\"elementor-element elementor-element-3b87e7c elementor-widget elementor-widget-heading\" data-id=\"3b87e7c\" data-element_type=\"widget\" data-e-type=\"widget\" data-widget_type=\"heading.default\">\n\t\t\t\t<div class=\"elementor-widget-container\">\n\t\t\t\t\t<h6 class=\"elementor-heading-title elementor-size-default\">P\u00fablico Alvo<\/h6>\t\t\t\t<\/div>\n\t\t\t\t<\/div>\n\t\t\t\t<div class=\"elementor-element elementor-element-490f15b elementor-widget elementor-widget-text-editor\" data-id=\"490f15b\" data-element_type=\"widget\" data-e-type=\"widget\" data-widget_type=\"text-editor.default\">\n\t\t\t\t<div class=\"elementor-widget-container\">\n\t\t\t\t\t\t\t\t\t<p>Profissionais que executem trabalhos na Constru\u00e7\u00e3o Civil.<\/p>\t\t\t\t\t\t\t\t<\/div>\n\t\t\t\t<\/div>\n\t\t\t\t<div class=\"elementor-element elementor-element-5d73532 elementor-widget elementor-widget-heading\" data-id=\"5d73532\" data-element_type=\"widget\" data-e-type=\"widget\" data-widget_type=\"heading.default\">\n\t\t\t\t<div class=\"elementor-widget-container\">\n\t\t\t\t\t<h6 class=\"elementor-heading-title elementor-size-default\">carga hor\u00e1ria<\/h6>\t\t\t\t<\/div>\n\t\t\t\t<\/div>\n\t\t\t\t<div class=\"elementor-element elementor-element-488a156 elementor-widget elementor-widget-text-editor\" data-id=\"488a156\" data-element_type=\"widget\" data-e-type=\"widget\" data-widget_type=\"text-editor.default\">\n\t\t\t\t<div class=\"elementor-widget-container\">\n\t\t\t\t\t\t\t\t\t<p>4 horas<\/p>\t\t\t\t\t\t\t\t<\/div>\n\t\t\t\t<\/div>\n\t\t\t\t<div class=\"elementor-element elementor-element-5381ed8 elementor-widget elementor-widget-heading\" data-id=\"5381ed8\" data-element_type=\"widget\" data-e-type=\"widget\" data-widget_type=\"heading.default\">\n\t\t\t\t<div class=\"elementor-widget-container\">\n\t\t\t\t\t<h6 class=\"elementor-heading-title elementor-size-default\">Modalidade<\/h6>\t\t\t\t<\/div>\n\t\t\t\t<\/div>\n\t\t\t\t<div class=\"elementor-element elementor-element-c176400 elementor-widget elementor-widget-text-editor\" data-id=\"c176400\" data-element_type=\"widget\" data-e-type=\"widget\" data-widget_type=\"text-editor.default\">\n\t\t\t\t<div class=\"elementor-widget-container\">\n\t\t\t\t\t\t\t\t\t<p>100% EAD &#8211; videoaulas curtas<\/p>\t\t\t\t\t\t\t\t<\/div>\n\t\t\t\t<\/div>\n\t\t\t\t<div class=\"elementor-element elementor-element-f17edb6 elementor-widget elementor-widget-heading\" data-id=\"f17edb6\" data-element_type=\"widget\" data-e-type=\"widget\" data-widget_type=\"heading.default\">\n\t\t\t\t<div class=\"elementor-widget-container\">\n\t\t\t\t\t<h6 class=\"elementor-heading-title elementor-size-default\">Instrutores<\/h6>\t\t\t\t<\/div>\n\t\t\t\t<\/div>\n\t\t\t\t<section class=\"elementor-section elementor-inner-section elementor-element elementor-element-878372b elementor-section-boxed elementor-section-height-default elementor-section-height-default\" data-id=\"878372b\" data-element_type=\"section\" data-e-type=\"section\">\n\t\t\t\t\t\t<div class=\"elementor-container elementor-column-gap-default\">\n\t\t\t\t\t<div class=\"elementor-column elementor-col-50 elementor-inner-column elementor-element elementor-element-e5f36b3\" data-id=\"e5f36b3\" data-element_type=\"column\" data-e-type=\"column\">\n\t\t\t<div class=\"elementor-widget-wrap elementor-element-populated\">\n\t\t\t\t\t\t<div class=\"elementor-element elementor-element-74f6fe7 elementor-widget elementor-widget-image\" data-id=\"74f6fe7\" data-element_type=\"widget\" data-e-type=\"widget\" data-widget_type=\"image.default\">\n\t\t\t\t<div class=\"elementor-widget-container\">\n\t\t\t\t\t\t\t\t\t\t\t\t\t\t\t<img decoding=\"async\" width=\"1024\" height=\"821\" src=\"https:\/\/metasafety.com.br\/wp-content\/uploads\/2024\/08\/2Q3A0773-copy-1024x821.jpg\" class=\"attachment-large size-large wp-image-867\" alt=\"Deise Sprenger\" srcset=\"https:\/\/metasafety.com.br\/wp-content\/uploads\/2024\/08\/2Q3A0773-copy-1024x821.jpg 1024w, https:\/\/metasafety.com.br\/wp-content\/uploads\/2024\/08\/2Q3A0773-copy-300x240.jpg 300w, https:\/\/metasafety.com.br\/wp-content\/uploads\/2024\/08\/2Q3A0773-copy-768x615.jpg 768w, https:\/\/metasafety.com.br\/wp-content\/uploads\/2024\/08\/2Q3A0773-copy-1536x1231.jpg 1536w, https:\/\/metasafety.com.br\/wp-content\/uploads\/2024\/08\/2Q3A0773-copy-2048x1641.jpg 2048w\" sizes=\"(max-width: 1024px) 100vw, 1024px\" \/>\t\t\t\t\t\t\t\t\t\t\t\t\t\t\t<\/div>\n\t\t\t\t<\/div>\n\t\t\t\t<div class=\"elementor-element elementor-element-227bdba elementor-widget elementor-widget-image\" data-id=\"227bdba\" data-element_type=\"widget\" data-e-type=\"widget\" data-widget_type=\"image.default\">\n\t\t\t\t<div class=\"elementor-widget-container\">\n\t\t\t\t\t\t\t\t\t\t\t\t\t\t\t<img decoding=\"async\" width=\"900\" height=\"900\" src=\"https:\/\/metasafety.com.br\/wp-content\/uploads\/2024\/11\/unnamed-1.jpg\" class=\"attachment-large size-large wp-image-915\" alt=\"\" srcset=\"https:\/\/metasafety.com.br\/wp-content\/uploads\/2024\/11\/unnamed-1.jpg 900w, https:\/\/metasafety.com.br\/wp-content\/uploads\/2024\/11\/unnamed-1-300x300.jpg 300w, https:\/\/metasafety.com.br\/wp-content\/uploads\/2024\/11\/unnamed-1-150x150.jpg 150w, https:\/\/metasafety.com.br\/wp-content\/uploads\/2024\/11\/unnamed-1-768x768.jpg 768w\" sizes=\"(max-width: 900px) 100vw, 900px\" \/>\t\t\t\t\t\t\t\t\t\t\t\t\t\t\t<\/div>\n\t\t\t\t<\/div>\n\t\t\t\t<div class=\"elementor-element elementor-element-582fb08 elementor-widget elementor-widget-image\" data-id=\"582fb08\" data-element_type=\"widget\" data-e-type=\"widget\" data-widget_type=\"image.default\">\n\t\t\t\t<div class=\"elementor-widget-container\">\n\t\t\t\t\t\t\t\t\t\t\t\t\t\t\t<img loading=\"lazy\" decoding=\"async\" width=\"300\" height=\"251\" src=\"https:\/\/metasafety.com.br\/wp-content\/uploads\/2024\/08\/A6D760F9-A179-422A-96FA-48997AFDF87E_L0_001-14_08_2024-18_27_49-300x251.jpg\" class=\"attachment-medium size-medium wp-image-869\" alt=\"\" srcset=\"https:\/\/metasafety.com.br\/wp-content\/uploads\/2024\/08\/A6D760F9-A179-422A-96FA-48997AFDF87E_L0_001-14_08_2024-18_27_49-300x251.jpg 300w, https:\/\/metasafety.com.br\/wp-content\/uploads\/2024\/08\/A6D760F9-A179-422A-96FA-48997AFDF87E_L0_001-14_08_2024-18_27_49-1024x856.jpg 1024w, https:\/\/metasafety.com.br\/wp-content\/uploads\/2024\/08\/A6D760F9-A179-422A-96FA-48997AFDF87E_L0_001-14_08_2024-18_27_49-768x642.jpg 768w, https:\/\/metasafety.com.br\/wp-content\/uploads\/2024\/08\/A6D760F9-A179-422A-96FA-48997AFDF87E_L0_001-14_08_2024-18_27_49.jpg 1201w\" sizes=\"(max-width: 300px) 100vw, 300px\" \/>\t\t\t\t\t\t\t\t\t\t\t\t\t\t\t<\/div>\n\t\t\t\t<\/div>\n\t\t\t\t\t<\/div>\n\t\t<\/div>\n\t\t\t\t<div class=\"elementor-column elementor-col-50 elementor-inner-column elementor-element elementor-element-76b3591\" data-id=\"76b3591\" data-element_type=\"column\" data-e-type=\"column\">\n\t\t\t<div class=\"elementor-widget-wrap elementor-element-populated\">\n\t\t\t\t\t\t<div class=\"elementor-element elementor-element-f83c3bc elementor-widget elementor-widget-text-editor\" data-id=\"f83c3bc\" data-element_type=\"widget\" data-e-type=\"widget\" data-widget_type=\"text-editor.default\">\n\t\t\t\t<div class=\"elementor-widget-container\">\n\t\t\t\t\t\t\t\t\t<p>Deise Sprenger<\/p>\n<p><span style=\"color: #999999;\"><em>T\u00e9cnica de Seguran\u00e7a do Trabalho, Engenheira de Produ\u00e7\u00e3o, Engenheira de Seguran\u00e7a do Trabalho<\/em><\/span><\/p>\t\t\t\t\t\t\t\t<\/div>\n\t\t\t\t<\/div>\n\t\t\t\t<div class=\"elementor-element elementor-element-eb297b8 elementor-widget elementor-widget-text-editor\" data-id=\"eb297b8\" data-element_type=\"widget\" data-e-type=\"widget\" data-widget_type=\"text-editor.default\">\n\t\t\t\t<div class=\"elementor-widget-container\">\n\t\t\t\t\t\t\t\t\t<p>Jairo Brasil<\/p><p><em style=\"color: #999999;\">Engenheiro de Produ\u00e7\u00e3o, Mestre em Educa\u00e7\u00e3o, Licenciado e P\u00f3s Graduado em Ci\u00eancias Sociais Aplicadas.<\/em><\/p><p><em style=\"color: #999999;\">\u00a0<\/em><\/p>\t\t\t\t\t\t\t\t<\/div>\n\t\t\t\t<\/div>\n\t\t\t\t<div class=\"elementor-element elementor-element-8dae985 elementor-widget elementor-widget-text-editor\" data-id=\"8dae985\" data-element_type=\"widget\" data-e-type=\"widget\" data-widget_type=\"text-editor.default\">\n\t\t\t\t<div class=\"elementor-widget-container\">\n\t\t\t\t\t\t\t\t\t<p>Yuri Machado<\/p>\n<p><em style=\"color: #999999;\">T\u00e9cnico de Seguran\u00e7a do Trabalho, Engenheiro de Produ\u00e7\u00e3o,\u00a0<\/em><span style=\"color: #999999;\"><em>Engenheiro de Seguran\u00e7a do Trabalho<\/em><\/span><\/p>\t\t\t\t\t\t\t\t<\/div>\n\t\t\t\t<\/div>\n\t\t\t\t\t<\/div>\n\t\t<\/div>\n\t\t\t\t\t<\/div>\n\t\t<\/section>\n\t\t\t\t\t<\/div>\n\t\t<\/div>\n\t\t\t\t\t<\/div>\n\t\t<\/section>\n\t\t\t\t<section class=\"elementor-section elementor-top-section elementor-element elementor-element-e633a9c elementor-section-boxed elementor-section-height-default elementor-section-height-default\" data-id=\"e633a9c\" data-element_type=\"section\" data-e-type=\"section\">\n\t\t\t\t\t\t<div class=\"elementor-container elementor-column-gap-default\">\n\t\t\t\t\t<div class=\"elementor-column elementor-col-100 elementor-top-column elementor-element elementor-element-cba9ad4\" data-id=\"cba9ad4\" data-element_type=\"column\" data-e-type=\"column\">\n\t\t\t<div class=\"elementor-widget-wrap elementor-element-populated\">\n\t\t\t\t\t\t<div class=\"elementor-element elementor-element-22113ed elementor-widget elementor-widget-heading\" data-id=\"22113ed\" data-element_type=\"widget\" data-e-type=\"widget\" data-widget_type=\"heading.default\">\n\t\t\t\t<div class=\"elementor-widget-container\">\n\t\t\t\t\t<h6 class=\"elementor-heading-title elementor-size-default\">investimento<\/h6>\t\t\t\t<\/div>\n\t\t\t\t<\/div>\n\t\t\t\t<div class=\"elementor-element elementor-element-d87c7d7 elementor-widget elementor-widget-text-editor\" data-id=\"d87c7d7\" data-element_type=\"widget\" data-e-type=\"widget\" data-widget_type=\"text-editor.default\">\n\t\t\t\t<div class=\"elementor-widget-container\">\n\t\t\t\t\t\t\t\t\t<p>R$ 90,00 em at\u00e9 3x sem juros (cart\u00e3o de cr\u00e9dito, pix ou boleto)<\/p>\t\t\t\t\t\t\t\t<\/div>\n\t\t\t\t<\/div>\n\t\t\t\t\t<\/div>\n\t\t<\/div>\n\t\t\t\t\t<\/div>\n\t\t<\/section>\n\t\t\t\t<section class=\"elementor-section elementor-top-section elementor-element elementor-element-27f34b4 elementor-section-boxed elementor-section-height-default elementor-section-height-default\" data-id=\"27f34b4\" data-element_type=\"section\" data-e-type=\"section\">\n\t\t\t\t\t\t<div class=\"elementor-container elementor-column-gap-default\">\n\t\t\t\t\t<div class=\"elementor-column elementor-col-100 elementor-top-column elementor-element elementor-element-1297ae6\" data-id=\"1297ae6\" data-element_type=\"column\" data-e-type=\"column\">\n\t\t\t<div class=\"elementor-widget-wrap elementor-element-populated\">\n\t\t\t\t\t\t<div class=\"elementor-element elementor-element-8ec7079 elementor-align-center elementor-widget elementor-widget-button\" data-id=\"8ec7079\" data-element_type=\"widget\" data-e-type=\"widget\" data-widget_type=\"button.default\">\n\t\t\t\t<div class=\"elementor-widget-container\">\n\t\t\t\t\t\t\t\t\t<div class=\"elementor-button-wrapper\">\n\t\t\t\t\t<a class=\"elementor-button elementor-button-link elementor-size-sm elementor-animation-pulse\" href=\"https:\/\/pay.kiwify.com.br\/hZBG5My\">\n\t\t\t\t\t\t<span class=\"elementor-button-content-wrapper\">\n\t\t\t\t\t\t\t\t\t<span class=\"elementor-button-text\">CLIQUE PARA ADQUIRIR SEU TREINAMENTO DE NR18<\/span>\n\t\t\t\t\t<\/span>\n\t\t\t\t\t<\/a>\n\t\t\t\t<\/div>\n\t\t\t\t\t\t\t\t<\/div>\n\t\t\t\t<\/div>\n\t\t\t\t<div class=\"elementor-element elementor-element-83e027a elementor-widget elementor-widget-text-editor\" data-id=\"83e027a\" data-element_type=\"widget\" data-e-type=\"widget\" data-widget_type=\"text-editor.default\">\n\t\t\t\t<div class=\"elementor-widget-container\">\n\t\t\t\t\t\t\t\t\t<p><em>In\u00edcio imediato &#8211;\u00a0<\/em><em>Emiss\u00e3o do certificado ap\u00f3s finaliza\u00e7\u00e3o do treinamento.<\/em><\/p>\t\t\t\t\t\t\t\t<\/div>\n\t\t\t\t<\/div>\n\t\t\t\t\t<\/div>\n\t\t<\/div>\n\t\t\t\t\t<\/div>\n\t\t<\/section>\n\t\t\t\t<\/div>\n\t\t","protected":false},"excerpt":{"rendered":"<p>b\u00e1sico Seguran\u00e7a e sa\u00fade no trabalho na ind\u00fastria da constru\u00e7\u00e3o 100% EAD &#8211; videoaulas curtas &#8211; 4 horas &#8211; instrutores especializados Clique para adquirir O setor da constru\u00e7\u00e3o civil \u00e9 um dos que apresenta maior n\u00famero de riscos ocupacionais, e a NR18 \u00e9 uma norma que estabelece diretrizes de seguran\u00e7a espec\u00edficas para essa \u00e1rea. O [&hellip;]<\/p>\n","protected":false},"author":1,"featured_media":0,"parent":0,"menu_order":0,"comment_status":"closed","ping_status":"closed","template":"","meta":{"om_disable_all_campaigns":false,"_monsterinsights_skip_tracking":false,"_monsterinsights_sitenote_active":false,"_monsterinsights_sitenote_note":"","_monsterinsights_sitenote_category":0,"_uf_show_specific_survey":0,"_uf_disable_surveys":false,"footnotes":""},"class_list":["post-925","page","type-page","status-publish","hentry"],"aioseo_notices":[],"post_mailing_queue_ids":[],"_links":{"self":[{"href":"https:\/\/metasafety.com.br\/index.php\/wp-json\/wp\/v2\/pages\/925","targetHints":{"allow":["GET"]}}],"collection":[{"href":"https:\/\/metasafety.com.br\/index.php\/wp-json\/wp\/v2\/pages"}],"about":[{"href":"https:\/\/metasafety.com.br\/index.php\/wp-json\/wp\/v2\/types\/page"}],"author":[{"embeddable":true,"href":"https:\/\/metasafety.com.br\/index.php\/wp-json\/wp\/v2\/users\/1"}],"replies":[{"embeddable":true,"href":"https:\/\/metasafety.com.br\/index.php\/wp-json\/wp\/v2\/comments?post=925"}],"version-history":[{"count":7,"href":"https:\/\/metasafety.com.br\/index.php\/wp-json\/wp\/v2\/pages\/925\/revisions"}],"predecessor-version":[{"id":934,"href":"https:\/\/metasafety.com.br\/index.php\/wp-json\/wp\/v2\/pages\/925\/revisions\/934"}],"wp:attachment":[{"href":"https:\/\/metasafety.com.br\/index.php\/wp-json\/wp\/v2\/media?parent=925"}],"curies":[{"name":"wp","href":"https:\/\/api.w.org\/{rel}","templated":true}]}}